{"id":5449,"date":"2024-11-23T12:49:58","date_gmt":"2024-11-23T12:49:58","guid":{"rendered":"https:\/\/onaturelbiocosmetics.ca\/?post_type=product&#038;p=5449"},"modified":"2026-04-30T00:15:37","modified_gmt":"2026-04-30T04:15:37","slug":"lait-corporel-hydratant-etui","status":"publish","type":"product","link":"https:\/\/onaturelbiocosmetics.ca\/en\/product\/lait-corporel-hydratant-etui\/","title":{"rendered":"Brightening Moisturizing Body Lotion 380 ml \/ 12.85 oz"},"content":{"rendered":"<p>Enrichie en ingr\u00e9dients naturels de haute qualit\u00e9. Elle aide \u00e0 renforcer la barri\u00e8re cutan\u00e9e, \u00e0 r\u00e9duire la perte d&#8217;hydratation et \u00e0 am\u00e9liorer l&#8217;apparence des pores, p\u00e9n\u00e8tre en profondeur dans la peau pour la nourrir et la prot\u00e9ger et aide \u00e0 maintenir l&#8217;hydratation, \u00e0 apaiser les irritations et \u00e0 am\u00e9liorer l&#8217;\u00e9lasticit\u00e9 de la peau. La cr\u00e8me contient l&#8217;extrait de r\u00e9glisse qui est connu pour ses propri\u00e9t\u00e9s apaisantes et \u00e9claircissantes, aide \u00e0 r\u00e9duire les rougeurs et les taches sombres, laissant votre peau plus lumineuse et plus uniforme.<\/p>\n<p>A brightening formula that provides intense hydration, brightens skin and leaves it soft, supple and luminous.<\/p>\n<p><strong>Active ingredients<\/strong><\/p>\n<p><strong>Shea butter<\/strong> is known for its moisturizing and soothing properties. It softens and nourishes the skin, while providing a feeling of comfort.<\/p>\n<p class=\"translation-block\"><strong>Niacinamide<\/strong>, also known as vitamin B3, is known for its brightening and soothing properties. It can help reduce the appearance of dark spots and even out skin tone.<\/p>\n<p class=\"translation-block\"><strong>Argan oil<\/strong>  is rich in fatty acids and vitamin E, making it an excellent skin moisturizer. It can help restore skin elasticity and protect it from environmental aggressors.<\/p>\n<p class=\"translation-block\"><strong>Coconut oil<\/strong> is also very moisturizing and can help soothe dry, irritated skin. It's also rich in antioxidants, which can help protect the skin from free radicals.<\/p>\n<p class=\"translation-block\"><strong>Sweet almond oil<\/strong> is known for its softening and soothing properties. It can help deeply nourish the skin, leaving it soft and supple.<\/p>\n<p class=\"translation-block\"><strong>Licorice extract<\/strong> is used for its brightening and soothing properties. It reduces the appearance of dark spots and evens out skin tone.<\/p>\n<p>&nbsp;<\/p>\n<p id=\"E2057\" class=\"x-scope qowt-word-para-1\"><span id=\"E2058\" class=\"qowt-font1-Calibri\"><strong>Benefits<\/strong> <\/span><span id=\"E2059\"><\/span><\/p>\n<p id=\"E2060\" class=\"x-scope qowt-word-para-2\"><span id=\"E2061\">A brightening formula that provides intense hydration, brightens skin and leaves it soft, supple and luminous.<\/span><\/p>","protected":false},"excerpt":{"rendered":"<p>Enrichie en ingr\u00e9dients naturels de haute qualit\u00e9. Elle aide \u00e0 renforcer la barri\u00e8re cutan\u00e9e, \u00e0 r\u00e9duire la perte d&#8217;hydratation et \u00e0 am\u00e9liorer l&#8217;apparence des pores, p\u00e9n\u00e8tre en profondeur dans la peau pour la nourrir et la prot\u00e9ger et aide \u00e0 maintenir l&#8217;hydratation, \u00e0 apaiser les irritations et \u00e0 am\u00e9liorer l&#8217;\u00e9lasticit\u00e9 de la peau. La cr\u00e8me contient l&#8217;extrait de r\u00e9glisse qui est connu pour ses propri\u00e9t\u00e9s apaisantes et \u00e9claircissantes, aide \u00e0 r\u00e9duire les rougeurs et les taches sombres, laissant votre peau plus lumineuse et plus uniforme.<\/p>","protected":false},"featured_media":5451,"comment_status":"closed","ping_status":"closed","template":"","meta":[],"product_brand":[],"product_cat":[95],"product_tag":[],"class_list":{"0":"post-5449","1":"product","2":"type-product","3":"status-publish","4":"has-post-thumbnail","6":"product_cat-gamme-de-corps","9":"instock","10":"taxable","11":"shipping-taxable","12":"purchasable","13":"product-type-simple"},"_links":{"self":[{"href":"https:\/\/onaturelbiocosmetics.ca\/en\/wp-json\/wp\/v2\/product\/5449","targetHints":{"allow":["GET"]}}],"collection":[{"href":"https:\/\/onaturelbiocosmetics.ca\/en\/wp-json\/wp\/v2\/product"}],"about":[{"href":"https:\/\/onaturelbiocosmetics.ca\/en\/wp-json\/wp\/v2\/types\/product"}],"replies":[{"embeddable":true,"href":"https:\/\/onaturelbiocosmetics.ca\/en\/wp-json\/wp\/v2\/comments?post=5449"}],"version-history":[{"count":6,"href":"https:\/\/onaturelbiocosmetics.ca\/en\/wp-json\/wp\/v2\/product\/5449\/revisions"}],"predecessor-version":[{"id":5929,"href":"https:\/\/onaturelbiocosmetics.ca\/en\/wp-json\/wp\/v2\/product\/5449\/revisions\/5929"}],"wp:featuredmedia":[{"embeddable":true,"href":"https:\/\/onaturelbiocosmetics.ca\/en\/wp-json\/wp\/v2\/media\/5451"}],"wp:attachment":[{"href":"https:\/\/onaturelbiocosmetics.ca\/en\/wp-json\/wp\/v2\/media?parent=5449"}],"wp:term":[{"taxonomy":"product_brand","embeddable":true,"href":"https:\/\/onaturelbiocosmetics.ca\/en\/wp-json\/wp\/v2\/product_brand?post=5449"},{"taxonomy":"product_cat","embeddable":true,"href":"https:\/\/onaturelbiocosmetics.ca\/en\/wp-json\/wp\/v2\/product_cat?post=5449"},{"taxonomy":"product_tag","embeddable":true,"href":"https:\/\/onaturelbiocosmetics.ca\/en\/wp-json\/wp\/v2\/product_tag?post=5449"}],"curies":[{"name":"wp","href":"https:\/\/api.w.org\/{rel}","templated":true}]}}