{"id":5454,"date":"2024-11-23T12:54:01","date_gmt":"2024-11-23T12:54:01","guid":{"rendered":"https:\/\/onaturelbiocosmetics.ca\/?post_type=product&#038;p=5454"},"modified":"2026-04-30T00:15:37","modified_gmt":"2026-04-30T04:15:37","slug":"gel-douche-exfoliant","status":"publish","type":"product","link":"https:\/\/onaturelbiocosmetics.ca\/en\/product\/gel-douche-exfoliant\/","title":{"rendered":"2 in 1 exfoliating shower gel 380ml \/ 12.85 oz"},"content":{"rendered":"<p id=\"E1851\" class=\"x-scope qowt-word-para-1 x-scope qowt-word-para-1\"><span id=\"E1852\">Sp\u00e9cialement formul\u00e9 pour offrir \u00e0 votre peau une exp\u00e9rience de douche revitalisante et nourrissante. Ce gel de douche combine les bienfaits de la niacinamide, du beurre de karit\u00e9, de l&#8217;huile d&#8217;argan et des Kahlbeads exfoliants pour une peau douce, lisse et \u00e9clatante. <\/span><\/p>\n<p id=\"E1855\" class=\"x-scope qowt-word-para-0\"><strong><span id=\"E1856\">The active ingredients<\/span><\/strong><\/p>\n<p id=\"E1857\" class=\"x-scope qowt-word-para-1\"><strong><span id=\"E1858\">Shea butter<\/span><\/strong><span id=\"E1859\"> is known for its moisturizing and soothing properties. It helps soften and nourish the skin, while protecting it from external aggressions.<\/span><\/p>\n<p id=\"E1860\" class=\"x-scope qowt-word-para-1 translation-block\"><strong><span id=\"E1861\">Niacinamide<\/span><\/strong><span id=\"E1862\">, also known as vitamin B3, is a versatile ingredient that can help improve skin texture, reduce the appearance of pores, and reduce redness.+<\/span><\/p>\n<p id=\"E1863\" class=\"x-scope qowt-word-para-1 translation-block\"><strong><span id=\"E1864\">Argan oil<\/span><\/strong><span id=\"E1865\"> is rich in fatty acids and vitamin E, making it an excellent skin moisturizer. It helps restore skin elasticity and protect against dryness.<\/span><\/p>\n<p id=\"E1866\" class=\"x-scope qowt-word-para-1 translation-block\"><span id=\"E1867\"><strong>Kahlbeads<\/strong>,<\/span><span id=\"E1868\"> or <strong>exfoliating beads<\/strong>, are added to provide gentle exfoliation, helping to remove dead skin cells and reveal smoother, more radiant skin.<\/span><\/p>\n<p id=\"E1870\" class=\"x-scope qowt-word-para-1\"><strong><span id=\"E1871\" class=\"qowt-font8-Calibri\">Benefits <\/span><\/strong><\/p>\n<p id=\"E1872\" class=\"x-scope qowt-word-para-1\"><span id=\"E1873\">It gently cleanses, exfoliates by removing impurities and dead cells, while providing hydration and protection to the skin.<\/span><\/p>","protected":false},"excerpt":{"rendered":"<p id=\"E1866\" class=\"x-scope qowt-word-para-1\"><span id=\"E1868\"><span id=\"E1852\">Sp\u00e9cialement formul\u00e9 pour offrir \u00e0 votre peau une exp\u00e9rience de douche revitalisante et nourrissante. Ce gel de douche combine les bienfaits de la niacinamide, du beurre de karit\u00e9, de l&#8217;huile d&#8217;argan et des Kahlbeads exfoliants pour une peau douce, lisse et \u00e9clatante. <\/span><\/span><\/p>","protected":false},"featured_media":5456,"comment_status":"closed","ping_status":"closed","template":"","meta":[],"product_brand":[],"product_cat":[15,95],"product_tag":[],"class_list":{"0":"post-5454","1":"product","2":"type-product","3":"status-publish","4":"has-post-thumbnail","6":"product_cat-tous-les-produits","7":"product_cat-gamme-de-corps","10":"instock","11":"taxable","12":"shipping-taxable","13":"purchasable","14":"product-type-simple"},"_links":{"self":[{"href":"https:\/\/onaturelbiocosmetics.ca\/en\/wp-json\/wp\/v2\/product\/5454","targetHints":{"allow":["GET"]}}],"collection":[{"href":"https:\/\/onaturelbiocosmetics.ca\/en\/wp-json\/wp\/v2\/product"}],"about":[{"href":"https:\/\/onaturelbiocosmetics.ca\/en\/wp-json\/wp\/v2\/types\/product"}],"replies":[{"embeddable":true,"href":"https:\/\/onaturelbiocosmetics.ca\/en\/wp-json\/wp\/v2\/comments?post=5454"}],"version-history":[{"count":8,"href":"https:\/\/onaturelbiocosmetics.ca\/en\/wp-json\/wp\/v2\/product\/5454\/revisions"}],"predecessor-version":[{"id":5996,"href":"https:\/\/onaturelbiocosmetics.ca\/en\/wp-json\/wp\/v2\/product\/5454\/revisions\/5996"}],"wp:featuredmedia":[{"embeddable":true,"href":"https:\/\/onaturelbiocosmetics.ca\/en\/wp-json\/wp\/v2\/media\/5456"}],"wp:attachment":[{"href":"https:\/\/onaturelbiocosmetics.ca\/en\/wp-json\/wp\/v2\/media?parent=5454"}],"wp:term":[{"taxonomy":"product_brand","embeddable":true,"href":"https:\/\/onaturelbiocosmetics.ca\/en\/wp-json\/wp\/v2\/product_brand?post=5454"},{"taxonomy":"product_cat","embeddable":true,"href":"https:\/\/onaturelbiocosmetics.ca\/en\/wp-json\/wp\/v2\/product_cat?post=5454"},{"taxonomy":"product_tag","embeddable":true,"href":"https:\/\/onaturelbiocosmetics.ca\/en\/wp-json\/wp\/v2\/product_tag?post=5454"}],"curies":[{"name":"wp","href":"https:\/\/api.w.org\/{rel}","templated":true}]}}