{"id":5475,"date":"2024-11-23T13:40:48","date_gmt":"2024-11-23T13:40:48","guid":{"rendered":"https:\/\/onaturelbiocosmetics.ca\/?post_type=product&#038;p=5475"},"modified":"2026-04-30T00:15:37","modified_gmt":"2026-04-30T04:15:37","slug":"serum-nourrissant","status":"publish","type":"product","link":"https:\/\/onaturelbiocosmetics.ca\/en\/product\/serum-nourrissant\/","title":{"rendered":"Anti-blemish complexion perfecting concentrated serum \u2013 30 ml \/ 1.01 oz"},"content":{"rendered":"<p id=\"E1967\" class=\"x-scope qowt-word-para-1\"><span id=\"E1968\">It is concentrated and specially formulated to target skin concerns such as blemishes, enlarged pores, and redness. It penetrates deep to help regulate sebum production, deeply hydrates the skin, and improves its overall appearance.<\/span><\/p>\n<p id=\"E1971\" class=\"x-scope qowt-word-para-0\"><strong><span id=\"E1972\">Active ingredients<\/span><\/strong><\/p>\n<p id=\"E1973\" class=\"x-scope qowt-word-para-1 translation-block\"><strong><span id=\"E1974\">Vitamin C<\/span><\/strong><span id=\"E1975\"> is a powerful antioxidant that helps protect skin from free radical damage, while promoting collagen production for firmer, more radiant skin. It is also known for its brightening properties, helping to fade dark spots and even out skin tone.<\/span><\/p>\n<p id=\"E1976\" class=\"x-scope qowt-word-para-1 translation-block\"><strong><span id=\"E1977\">Hyaluronic acid<\/span><\/strong><span id=\"E1978\"> is a natural moisturizer that attracts and retains moisture, helping to keep skin hydrated, plump, and smooth. It helps reduce the appearance of fine lines and wrinkles, while giving skin a plumper appearance.<\/span><\/p>\n<p id=\"E1979\" class=\"x-scope qowt-word-para-1 translation-block\"><strong><span id=\"E1980\">Papaya Extract<\/span><\/strong><span id=\"E1981\"> is rich in exfoliating enzymes that help remove dead skin cells, promoting cell renewal and revealing brighter, smoother skin.<\/span><\/p>\n<p id=\"E1982\" class=\"x-scope qowt-word-para-1 translation-block\"><strong><span id=\"E1983\">Guava Extract<\/span><\/strong><span id=\"E1984\"> is a natural source of vitamins A, B, and C, as well as antioxidants, which help protect skin from environmental damage while promoting a more even, radiant complexion.<\/span><\/p>\n<p id=\"E1987\" class=\"x-scope qowt-word-para-0\"><span id=\"E1988\" class=\"qowt-font8-Calibri\"><strong>Benefits<\/strong> <\/span><\/p>\n<p id=\"E1989\" class=\"x-scope qowt-word-para-1\"><span id=\"E1990\">Une formule \u00e0 base d\u2019ingr\u00e9dients actifs qui travaillent en synergie pour am\u00e9liorer la texture de la peau, r\u00e9duire l&#8217;apparence des imperfections, hydrater en profondeur et promouvoir un teint plus lumineux et uniforme.<\/span><\/p>","protected":false},"excerpt":{"rendered":"<p><span id=\"E1968\">It is concentrated and specially formulated to target skin concerns such as blemishes, enlarged pores, and redness. It penetrates deep to help regulate sebum production, deeply hydrates the skin, and improves its overall appearance.<\/span><\/p>","protected":false},"featured_media":5478,"comment_status":"closed","ping_status":"closed","template":"","meta":[],"product_brand":[],"product_cat":[15,96],"product_tag":[],"class_list":{"0":"post-5475","1":"product","2":"type-product","3":"status-publish","4":"has-post-thumbnail","6":"product_cat-tous-les-produits","7":"product_cat-gamme-de-visage","10":"instock","11":"taxable","12":"shipping-taxable","13":"purchasable","14":"product-type-simple"},"_links":{"self":[{"href":"https:\/\/onaturelbiocosmetics.ca\/en\/wp-json\/wp\/v2\/product\/5475","targetHints":{"allow":["GET"]}}],"collection":[{"href":"https:\/\/onaturelbiocosmetics.ca\/en\/wp-json\/wp\/v2\/product"}],"about":[{"href":"https:\/\/onaturelbiocosmetics.ca\/en\/wp-json\/wp\/v2\/types\/product"}],"replies":[{"embeddable":true,"href":"https:\/\/onaturelbiocosmetics.ca\/en\/wp-json\/wp\/v2\/comments?post=5475"}],"version-history":[{"count":6,"href":"https:\/\/onaturelbiocosmetics.ca\/en\/wp-json\/wp\/v2\/product\/5475\/revisions"}],"predecessor-version":[{"id":5937,"href":"https:\/\/onaturelbiocosmetics.ca\/en\/wp-json\/wp\/v2\/product\/5475\/revisions\/5937"}],"wp:featuredmedia":[{"embeddable":true,"href":"https:\/\/onaturelbiocosmetics.ca\/en\/wp-json\/wp\/v2\/media\/5478"}],"wp:attachment":[{"href":"https:\/\/onaturelbiocosmetics.ca\/en\/wp-json\/wp\/v2\/media?parent=5475"}],"wp:term":[{"taxonomy":"product_brand","embeddable":true,"href":"https:\/\/onaturelbiocosmetics.ca\/en\/wp-json\/wp\/v2\/product_brand?post=5475"},{"taxonomy":"product_cat","embeddable":true,"href":"https:\/\/onaturelbiocosmetics.ca\/en\/wp-json\/wp\/v2\/product_cat?post=5475"},{"taxonomy":"product_tag","embeddable":true,"href":"https:\/\/onaturelbiocosmetics.ca\/en\/wp-json\/wp\/v2\/product_tag?post=5475"}],"curies":[{"name":"wp","href":"https:\/\/api.w.org\/{rel}","templated":true}]}}